{"id":104,"date":"2024-09-11T14:12:34","date_gmt":"2024-09-11T12:12:34","guid":{"rendered":"https:\/\/quasimodo.de\/?page_id=104"},"modified":"2024-09-18T15:34:20","modified_gmt":"2024-09-18T13:34:20","slug":"eventlocation","status":"publish","type":"page","link":"https:\/\/quasimodo.de\/en\/eventlocation\/","title":{"rendered":"Eventlocation"},"content":{"rendered":"<div class=\"gb-container gb-container-8a0b88d1\">\n<div class=\"gb-container gb-container-619340c6 overlay\"><\/div>\n\n<div class=\"gb-container gb-container-619e0d38\">\n\n<h2 class=\"gb-headline gb-headline-afd661bc gb-headline-text\">Eventlocation<\/h2>\n\n\n\n<h4 class=\"gb-headline gb-headline-8e3f9369 gb-headline-text\">Das Quasimodo als ihre Eventlocation<\/h4>\n\n\n\n<p>Das Flair des alten, legend\u00e4ren West-Berlins weht durch die Mauern des Quasimodo. Gelegen zwischen Bahnhof Zoo und dem Savignyplatz, verbirgt sich unter dem altehrw\u00fcrdigen Delphi-Filmpalast das Quasimodo.<\/p>\n\n\n\n<p>Die perfekte Symbiose aus Indoor und Outdoor wird im Quasimodo Realit\u00e4t. Die wundersch\u00f6ne, historische Terrasse mit Blick auf das Theater des Westens, mit direktem Zugang zum Innenbereich der Bar Q, l\u00e4sst fast keine W\u00fcnsche offen. Ob Hochzeit, Firmenevent, oder Afterparty \u2013 die M\u00f6glichkeiten sind fast unbegrenzt. Der legend\u00e4re Quasimodo Club im Kellerbereich fasst 350 Leute und besticht durch seine einmalige Atmosph\u00e4re, der schon Musiker wie Prince oder Chaka Khan erlagen.<\/p>\n\n\n\n<hr class=\"wp-block-separator has-text-color has-base-3-color has-alpha-channel-opacity has-base-3-background-color has-background is-style-wide\" style=\"margin-top:var(--wp--preset--spacing--30);margin-bottom:var(--wp--preset--spacing--30)\"\/>\n\n\n<div class=\"gb-container gb-container-7e044a50\">\n<div class=\"gb-container gb-container-e796aa21\">\n\n<p class=\"has-text-align-center bounce-in-up has-medium-font-size\">Gesamtauslastung<\/p>\n\n\n\n<p class=\"has-text-align-center has-large-font-size\"><strong>350<\/strong><\/p>\n\n\n\n<p class=\"has-text-align-center has-small-font-size\">Personen<\/p>\n\n<\/div>\n\n<div class=\"gb-container gb-container-04b7f549\">\n\n<p class=\"has-text-align-center bounce-in-up has-medium-font-size\">Gala<\/p>\n\n\n\n<p class=\"has-text-align-center has-large-font-size\"><strong>110<\/strong><\/p>\n\n\n\n<p class=\"has-text-align-center has-small-font-size\">Personen<\/p>\n\n<\/div>\n\n<div class=\"gb-container gb-container-5318d9e8\">\n\n<p class=\"has-text-align-center bounce-in-up has-medium-font-size\">Parlamentarisch<\/p>\n\n\n\n<p class=\"has-text-align-center has-large-font-size\"><strong>70<\/strong><\/p>\n\n\n\n<p class=\"has-text-align-center has-small-font-size\">Personen<\/p>\n\n<\/div>\n\n<div class=\"gb-container gb-container-0b361a95\">\n\n<p class=\"has-text-align-center bounce-in-up has-medium-font-size\">Reihenbestuhlung<\/p>\n\n\n\n<p class=\"has-text-align-center has-large-font-size\"><strong>114<\/strong><\/p>\n\n\n\n<p class=\"has-text-align-center has-small-font-size\">Personen<\/p>\n\n<\/div>\n\n<div class=\"gb-container gb-container-a3d6f6bc\">\n\n<p class=\"has-text-align-center bounce-in-up has-medium-font-size\">Empfang<\/p>\n\n\n\n<p class=\"has-text-align-center has-large-font-size\"><strong>150+<\/strong><\/p>\n\n\n\n<p class=\"has-text-align-center has-small-font-size\">Personen<\/p>\n\n<\/div>\n<\/div>\n\n<div class=\"gb-container gb-container-b1fcb21e\">\n<div class=\"gb-container gb-container-fb6b406a\">\n\n<h3 class=\"gb-headline gb-headline-20bf4bf8 gb-headline-text\">Virtueller 360\u00b0 Rundgang<\/h3>\n\n\n\n<div class=\"button-container\"><a class=\"degree-button button\" style=\"color: #fff;\" data-featherlight=\"iframe\" data-featherlight-iframe-height=\"650\" data-featherlight-iframe-width=\"1200\" href=\"https:\/\/tours.nexpics.com\/berlin-cuisine\/quasimodo\/\"><span>Hier starten<\/span><\/a><\/div>\n\n<\/div>\n<\/div>\n\n\n<a class=\"gb-button gb-button-c7f1e142 gb-button-text\" href=\"mailto:events@channelmusic.de\">Jetzt anfragen<\/a>\n\n<\/div>\n<\/div>","protected":false},"excerpt":{"rendered":"<p>Eventlocation Das Quasimodo als ihre Eventlocation Das Flair des alten, legend\u00e4ren West-Berlins weht durch die Mauern des Quasimodo. Gelegen zwischen Bahnhof Zoo und dem Savignyplatz, verbirgt sich unter dem altehrw\u00fcrdigen Delphi-Filmpalast das Quasimodo. Die perfekte Symbiose aus Indoor und Outdoor wird im Quasimodo Realit\u00e4t. Die wundersch\u00f6ne, historische Terrasse mit Blick auf das Theater des Westens, &#8230; <a title=\"Eventlocation\" class=\"read-more\" href=\"https:\/\/quasimodo.de\/en\/eventlocation\/\" aria-label=\"Read more about Eventlocation\">Read more<\/a><\/p>","protected":false},"author":2,"featured_media":0,"parent":0,"menu_order":0,"comment_status":"closed","ping_status":"closed","template":"","meta":{"footnotes":""},"class_list":["post-104","page","type-page","status-publish"],"_links":{"self":[{"href":"https:\/\/quasimodo.de\/en\/wp-json\/wp\/v2\/pages\/104","targetHints":{"allow":["GET"]}}],"collection":[{"href":"https:\/\/quasimodo.de\/en\/wp-json\/wp\/v2\/pages"}],"about":[{"href":"https:\/\/quasimodo.de\/en\/wp-json\/wp\/v2\/types\/page"}],"author":[{"embeddable":true,"href":"https:\/\/quasimodo.de\/en\/wp-json\/wp\/v2\/users\/2"}],"replies":[{"embeddable":true,"href":"https:\/\/quasimodo.de\/en\/wp-json\/wp\/v2\/comments?post=104"}],"version-history":[{"count":27,"href":"https:\/\/quasimodo.de\/en\/wp-json\/wp\/v2\/pages\/104\/revisions"}],"predecessor-version":[{"id":140,"href":"https:\/\/quasimodo.de\/en\/wp-json\/wp\/v2\/pages\/104\/revisions\/140"}],"wp:attachment":[{"href":"https:\/\/quasimodo.de\/en\/wp-json\/wp\/v2\/media?parent=104"}],"curies":[{"name":"wp","href":"https:\/\/api.w.org\/{rel}","templated":true}]}}